{"id":3063,"date":"2025-03-13T13:51:53","date_gmt":"2025-03-13T13:51:53","guid":{"rendered":"https:\/\/renatio-et-gloriam.co.uk\/reg\/?page_id=3063"},"modified":"2025-03-13T15:54:53","modified_gmt":"2025-03-13T15:54:53","slug":"new-traits-and-characteristics","status":"publish","type":"page","link":"https:\/\/renatio-et-gloriam.co.uk\/reg\/new-traits-and-characteristics\/","title":{"rendered":"New Traits and Characteristics"},"content":{"rendered":"\n<h1 class=\"wp-block-heading\">New Army Traits<\/h1>\n\n\n\n<h3 class=\"wp-block-heading\">Mercenary<\/h3>\n\n\n\n<p><br>Armies with the Mercenary trait cannot be fielded in their own right, it can only be taken as an ally for others. The<br>following rules apply to Mercenary armies.<\/p>\n\n\n\n<ul class=\"wp-block-list\">\n<li>When a Mercenary army is taken as an ally, the parent army gains the &#8216;Inspiring Leader&#8217; Army Trait. However, this<br>trait only applies to Mercenary allied commands.<\/li>\n\n\n\n<li>Keils taken in a Mercenary army only count as 1 TUG for purpose of determining the the maximum TUGs for the<br>allied command size.<\/li>\n<\/ul>\n\n\n\n<blockquote class=\"wp-block-quote is-layout-flow wp-block-quote-is-layout-flow\">\n<p>For example, Landsknecht Mercenaries can take 2 Keils and 1 Arquebusier as an allied command. his counts as 5 TUGs<br>but is permitted as a Mercenary ally.<\/p>\n<\/blockquote>\n\n\n\n<h3 class=\"wp-block-heading\">Outskirts of Town<\/h3>\n\n\n\n<p><br>As the Defending Army, you must select a Town or Village as part of terrain selection. This<br>must be during the compulsary terrain step (where possible)<br>The Defending Army may then place its Camp in that Town or Village. This supercedes<br>normal Camp placement rules.<\/p>\n\n\n\n<h3 class=\"wp-block-heading\">Sacred King<\/h3>\n\n\n\n<p><br>When the Army Commander of an army with this Trait is killed all TUGs in the army must take a KAB test, rather than those in 6BW.<\/p>\n\n\n\n<h3 class=\"wp-block-heading\">Multitudinous<\/h3>\n\n\n\n<p><br>Supporting practices, such as \u2018apratihata\u2019 where numerous infantry rank in order one behind the other.<br>In the End of Turn Phase, armies with the Multitudinous trait can recover wounds using the Rear Support mechanism. (ME20.B). The range for Rear Support with Multitudinous is 4BW.<br>For both, those claiming, and those providing Rear Support all of the following must apply &#8211;<\/p>\n\n\n\n<ul class=\"wp-block-list\">\n<li>Be wholly in Good Going.<\/li>\n\n\n\n<li>Not be in a flank sector, even partially.<\/li>\n<\/ul>\n\n\n\n<h3 class=\"wp-block-heading\">Sakoku<\/h3>\n\n\n\n<p><br>An army with Sakoku has the Domiciled Trait when fighting an army outside of \u2018Warring Dragons\u2019<\/p>\n\n\n\n<h3 class=\"wp-block-heading\">Jinmaku<\/h3>\n\n\n\n<p><\/p>\n\n\n\n<p>Jinmaku is not mandatory and can only be used if all of the following apply &#8211;<\/p>\n\n\n\n<ul class=\"wp-block-list\">\n<li>The army organisation structure is Professional<\/li>\n\n\n\n<li>The Army Commander is \u2018floating\u2019<\/li>\n\n\n\n<li>Hatamoto are not fielded.<\/li>\n\n\n\n<li>Jinmaku combines both the Camp and the Army Commander\u2019s base, and rules for both apply with the following &#8211;<\/li>\n\n\n\n<li>Base dimensions for a Jinmaku is as for a minimum-sized Camp (3BW x 2BW)<\/li>\n\n\n\n<li>Jinmaku is deployed as per the Camp, in addition, it can be deployed up to 6BW away from the rear table edge.<\/li>\n\n\n\n<li>When in combat the Jinmaku is Superior and Protected..<\/li>\n\n\n\n<li>While the Jinmaku is deployed in Good Going, it has no maximum Command Range.<\/li>\n\n\n\n<li>Jinmaku can never be \u2018with\u2019 a TUG, never granting a combat claim (even when fighting)<\/li>\n\n\n\n<li>If the Jinmaku is Sacked, the Army Commander is also killed.<\/li>\n<\/ul>\n\n\n\n<h3 class=\"wp-block-heading\">Daimy\u014d<\/h3>\n\n\n\n<p><br>When an army has this trait the Army Commander must be defined as either a Major Daimy\u014d or a Minor Daimy\u014d. Which leaders can be a Major Daimy\u014d (typically the Clan leader, or other magnate of the Clan) are defined in the army list. Rules for the Daimy\u014d armies are subdivided in the following date periods. Unless superseded by an army list, the following applies<br><\/p>\n\n\n\n<h4 class=\"wp-block-heading\">Early Sengoku period (1494\u20131519)<\/h4>\n\n\n\n<p><br>Early Sengoku armies must have a Tribal organisation structure.<br>The Army Traits, Lead from the Front &amp; Great Man are mandatory.<br><\/p>\n\n\n\n<h4 class=\"wp-block-heading\">Later Sengoku period (1520\u20131567)<\/h4>\n\n\n\n<p><br><strong>Major Daimy\u014d<\/strong><br>If the Army Commander is a Major Daimy\u014d, the following apply &#8211;<br>The army organisation structure can only be Instinctive or Professional.<br>The Army Trait Great Man is mandatory.<br>If the army list specifies an Inspirational Icon, it is mandatory.<\/p>\n\n\n\n<p><br>If the Major Daimy\u014d is Professional<\/p>\n\n\n\n<ul class=\"wp-block-list\">\n<li>If Hatamoto are fielded, any Inspirational Icon is with the Army Commander.<\/li>\n\n\n\n<li>If Hatamoto are not fielded, any Inspirational Icon is with the Camp, and the Army Commander must \u2018float\u2019.<\/li>\n<\/ul>\n\n\n\n<p>If the Major Daimy\u014d is Instinctive<\/p>\n\n\n\n<ul class=\"wp-block-list\">\n<li>Any Inspirational Icon is with the Army Commander<\/li>\n\n\n\n<li>The Army Commander is a Rash General.<\/li>\n<\/ul>\n\n\n\n<p><strong>Minor Daimy\u014d<\/strong><br>If the Army Commander is a Minor Daimy\u014d, the following apply &#8211;<\/p>\n\n\n\n<ul class=\"wp-block-list\">\n<li>The army organisation structure can only be Tribal.<\/li>\n\n\n\n<li>The Army Traits, Lead from the Front &amp; Great Man are mandatory.<\/li>\n<\/ul>\n\n\n\n<h4 class=\"wp-block-heading\">Azuchi-Momoyama period (1568\u20131615) Following Nobunaga\u2019s entry to Kyoto<\/h4>\n\n\n\n<p><br><strong>Major Daimy\u014d<\/strong><br>If the Army Commander is a Major Daimy\u014d, the following apply &#8211;<\/p>\n\n\n\n<ul class=\"wp-block-list\">\n<li>The army organisation structure can only be Instinctive or Professional.<\/li>\n\n\n\n<li>The Army Trait Inspiring Leader is mandatory.<\/li>\n\n\n\n<li>If the army list specifies an Inspirational Icon, it is mandatory.<\/li>\n<\/ul>\n\n\n\n<p><br>If the Major Daimy\u014d is Professional<\/p>\n\n\n\n<ul class=\"wp-block-list\">\n<li>If Hatamoto are fielded, any Inspirational Icon is with the Army Commander.<\/li>\n\n\n\n<li>If Hatamoto are not fielded, any Inspirational Icon is with the Camp, and the Army Commander must \u2018float\u2019.<\/li>\n<\/ul>\n\n\n\n<p><br>If the Major Daimy\u014d is Instinctive<\/p>\n\n\n\n<ul class=\"wp-block-list\">\n<li>Any Inspirational Icon is with the Army Commander<\/li>\n<\/ul>\n\n\n\n<p><br><strong>Minor Daimy\u014d<\/strong><br>If the Army Commander is a Minor Daimy\u014d, the following apply &#8211;<br>The army organisation structure can only be Instinctive or Professional.<\/p>\n\n\n\n<ul class=\"wp-block-list\">\n<li>The Army Trait Great Man is mandatory.<\/li>\n\n\n\n<li>Any Inspirational Icon cannot be taken.<\/li>\n<\/ul>\n\n\n\n<hr class=\"wp-block-separator has-alpha-channel-opacity\"\/>\n\n\n\n<h1 class=\"wp-block-heading\">New Characteristics<\/h1>\n\n\n\n<h3 class=\"wp-block-heading\">Zealous<\/h3>\n\n\n\n<p><br>Troops committed to a cause, prepared for battle, undaunted by casualties, but at the expense of discipline.<\/p>\n\n\n\n<ul class=\"wp-block-list\">\n<li>TUGs who are originally 6 bases in size or less, take 2 more wounds than usual to break.<\/li>\n\n\n\n<li>TUGs who are originally more than 6 bases in size, take 4 more wounds than usual to break.<\/li>\n\n\n\n<li>Have implicit Impetuous.<\/li>\n<\/ul>\n\n\n\n<h3 class=\"wp-block-heading\"><br>Shielded<\/h3>\n\n\n\n<p><br>Armour designed for Elephantry to enhance their survivability against small arms.<\/p>\n\n\n\n<ul class=\"wp-block-list\">\n<li>TUGs with Shielded ignore \u201cS\u201d CCC dice results when shot at.<\/li>\n<\/ul>\n\n\n\n<h3 class=\"wp-block-heading\"><br>Supporting Skirmishers<\/h3>\n\n\n\n<p><br>Deployment of specialised skirmishers to recklessly disrupt enemy advance (such as Tiger Men), or wholly integrated with their parent unit (Elephants with a large numbers of escorts).<\/p>\n\n\n\n<ul class=\"wp-block-list\">\n<li>Supporting Skirmishers counts only in the charge phase. When a fighting file, is selected to fight &#8211; throw a BLACK dice in addition to their normal CCC dice.<\/li>\n\n\n\n<li>This BLACK dice is never modified by any combat claims.<\/li>\n\n\n\n<li>A Wound or \u201cS\u201d rolled cause a wound as per normal.<\/li>\n\n\n\n<li>\u201cS\u201d CCC dice results cause Shove or Shatter, if the fighting file has that ability.<\/li>\n<\/ul>\n\n\n\n<figure class=\"wp-block-table\"><table><tbody><tr><td>date 13th Mar 2025<\/td><td>Version &#8211; V1<\/td><\/tr><\/tbody><\/table><\/figure>\n\n\n\n<h2 class=\"wp-block-heading\"><\/h2>\n","protected":false},"excerpt":{"rendered":"<p>New Army Traits Mercenary Armies with the Mercenary trait cannot be fielded in their own right, it can only be<\/p>\n","protected":false},"author":320,"featured_media":0,"parent":0,"menu_order":0,"comment_status":"closed","ping_status":"closed","template":"","meta":{"colormag_page_container_layout":"default_layout","colormag_page_sidebar_layout":"default_layout","_kadence_starter_templates_imported_post":false,"footnotes":""},"class_list":["post-3063","page","type-page","status-publish","hentry"],"jetpack_shortlink":"https:\/\/wp.me\/PdA7pF-Np","_links":{"self":[{"href":"https:\/\/renatio-et-gloriam.co.uk\/reg\/wp-json\/wp\/v2\/pages\/3063","targetHints":{"allow":["GET"]}}],"collection":[{"href":"https:\/\/renatio-et-gloriam.co.uk\/reg\/wp-json\/wp\/v2\/pages"}],"about":[{"href":"https:\/\/renatio-et-gloriam.co.uk\/reg\/wp-json\/wp\/v2\/types\/page"}],"author":[{"embeddable":true,"href":"https:\/\/renatio-et-gloriam.co.uk\/reg\/wp-json\/wp\/v2\/users\/320"}],"replies":[{"embeddable":true,"href":"https:\/\/renatio-et-gloriam.co.uk\/reg\/wp-json\/wp\/v2\/comments?post=3063"}],"version-history":[{"count":5,"href":"https:\/\/renatio-et-gloriam.co.uk\/reg\/wp-json\/wp\/v2\/pages\/3063\/revisions"}],"predecessor-version":[{"id":3071,"href":"https:\/\/renatio-et-gloriam.co.uk\/reg\/wp-json\/wp\/v2\/pages\/3063\/revisions\/3071"}],"wp:attachment":[{"href":"https:\/\/renatio-et-gloriam.co.uk\/reg\/wp-json\/wp\/v2\/media?parent=3063"}],"curies":[{"name":"wp","href":"https:\/\/api.w.org\/{rel}","templated":true}]}}